{"id":2065,"date":"2024-01-10T20:47:22","date_gmt":"2024-01-10T19:47:22","guid":{"rendered":"https:\/\/massagefabienetre.fr\/?page_id=2065"},"modified":"2024-01-10T20:50:34","modified_gmt":"2024-01-10T19:50:34","slug":"conditions-generales-dutilisation","status":"publish","type":"page","link":"https:\/\/massagefabienetre.fr\/?page_id=2065","title":{"rendered":"Charte de Qualit\u00e9 et de Respect"},"content":{"rendered":"\n<h1 class=\"wp-block-heading\">Charte de Qualit\u00e9 et de Respect<\/h1>\n\n\n\n<h2 class=\"wp-block-heading\">Pr\u00e9ambule<\/h2>\n\n\n\n<p style=\"text-transform:none\">Nous nous engageons \u00e0 offrir des services de massage bien-\u00eatre respectueux, professionnels et ax\u00e9s sur le bien-\u00eatre de nos clients.<\/p>\n\n\n\n<h2 class=\"wp-block-heading\">1. Respect et Confidentialit\u00e9<\/h2>\n\n\n\n<p style=\"text-transform:none\">Nous nous engageons \u00e0 respecter l&rsquo;intimit\u00e9 et la dignit\u00e9 de chaque client \u00e0 tout moment. Toutes les informations partag\u00e9es durant la s\u00e9ance seront trait\u00e9es de mani\u00e8re confidentielle.<\/p>\n\n\n\n<h2 class=\"wp-block-heading\">2. Comp\u00e9tence et Professionnalisme<\/h2>\n\n\n\n<p style=\"text-transform:none\">Nos praticiens poss\u00e8dent les certifications et les comp\u00e9tences n\u00e9cessaires pour fournir des massages de qualit\u00e9. Ils s&rsquo;engagent \u00e0 maintenir un comportement professionnel et respectueux envers chaque client.<\/p>\n\n\n\n<h2 class=\"wp-block-heading\">3. Consentement et Communication<\/h2>\n\n\n\n<p style=\"text-transform:none\">Avant chaque s\u00e9ance, nous obtenons le consentement \u00e9clair\u00e9 du client et nous favorisons une communication ouverte pour assurer son confort et son bien-\u00eatre tout au long de la s\u00e9ance.<\/p>\n\n\n\n<h2 class=\"wp-block-heading\">4. Hygi\u00e8ne et S\u00e9curit\u00e9<\/h2>\n\n\n\n<p style=\"text-transform:none\">Nous maintenons des normes rigoureuses d&rsquo;hygi\u00e8ne pour l&rsquo;\u00e9quipement et l&rsquo;environnement du massage. L&rsquo;espace de massage est soigneusement entretenu pour garantir la s\u00e9curit\u00e9 et le confort du client.<\/p>\n\n\n\n<h2 class=\"wp-block-heading\">5. Limites et Responsabilit\u00e9s<\/h2>\n\n\n\n<p style=\"text-transform:none\">Nous d\u00e9finissons clairement les limites des massages offerts et nous assumons la responsabilit\u00e9 de nos actions ainsi que des cons\u00e9quences \u00e9ventuelles.<\/p>\n\n\n\n<h2 class=\"wp-block-heading\">Conclusion<\/h2>\n\n\n\n<p style=\"text-transform:none\">Cette charte vise \u00e0 cr\u00e9er une exp\u00e9rience de massage bien-\u00eatre s\u00fbre, respectueuse et professionnelle pour nos clients et nos praticiens. <\/p>\n\n\n\n<p style=\"text-transform:none\">Nous nous engageons \u00e0 respecter ces principes pour maintenir la qualit\u00e9 de nos services.<\/p>\n","protected":false},"excerpt":{"rendered":"<p>Charte de Qualit\u00e9 et de Respect Pr\u00e9ambule Nous nous engageons \u00e0 offrir des services de massage bien-\u00eatre respectueux, professionnels et ax\u00e9s sur le bien-\u00eatre de nos clients. 1. Respect et Confidentialit\u00e9 Nous nous engageons \u00e0 respecter l&rsquo;intimit\u00e9 et la dignit\u00e9 de chaque client \u00e0 tout moment. Toutes les informations partag\u00e9es durant la s\u00e9ance seront trait\u00e9es [&hellip;]<\/p>\n","protected":false},"author":2,"featured_media":0,"parent":0,"menu_order":0,"comment_status":"closed","ping_status":"closed","template":"","meta":{"_uag_custom_page_level_css":"","site-sidebar-layout":"default","site-content-layout":"","ast-site-content-layout":"default","site-content-style":"default","site-sidebar-style":"default","ast-global-header-display":"","ast-banner-title-visibility":"","ast-main-header-display":"","ast-hfb-above-header-display":"","ast-hfb-below-header-display":"","ast-hfb-mobile-header-display":"","site-post-title":"disabled","ast-breadcrumbs-content":"","ast-featured-img":"","footer-sml-layout":"","ast-disable-related-posts":"","theme-transparent-header-meta":"","adv-header-id-meta":"","stick-header-meta":"","header-above-stick-meta":"","header-main-stick-meta":"","header-below-stick-meta":"","astra-migrate-meta-layouts":"set","ast-page-background-enabled":"default","ast-page-background-meta":{"desktop":{"background-color":"var(--ast-global-color-4)","background-image":"","background-repeat":"repeat","background-position":"center center","background-size":"auto","background-attachment":"scroll","background-type":"","background-media":"","overlay-type":"","overlay-color":"","overlay-opacity":"","overlay-gradient":""},"tablet":{"background-color":"","background-image":"","background-repeat":"repeat","background-position":"center center","background-size":"auto","background-attachment":"scroll","background-type":"","background-media":"","overlay-type":"","overlay-color":"","overlay-opacity":"","overlay-gradient":""},"mobile":{"background-color":"","background-image":"","background-repeat":"repeat","background-position":"center center","background-size":"auto","background-attachment":"scroll","background-type":"","background-media":"","overlay-type":"","overlay-color":"","overlay-opacity":"","overlay-gradient":""}},"ast-content-background-meta":{"desktop":{"background-color":"var(--ast-global-color-5)","background-image":"","background-repeat":"repeat","background-position":"center center","background-size":"auto","background-attachment":"scroll","background-type":"","background-media":"","overlay-type":"","overlay-color":"","overlay-opacity":"","overlay-gradient":""},"tablet":{"background-color":"var(--ast-global-color-5)","background-image":"","background-repeat":"repeat","background-position":"center center","background-size":"auto","background-attachment":"scroll","background-type":"","background-media":"","overlay-type":"","overlay-color":"","overlay-opacity":"","overlay-gradient":""},"mobile":{"background-color":"var(--ast-global-color-5)","background-image":"","background-repeat":"repeat","background-position":"center center","background-size":"auto","background-attachment":"scroll","background-type":"","background-media":"","overlay-type":"","overlay-color":"","overlay-opacity":"","overlay-gradient":""}},"footnotes":""},"class_list":["post-2065","page","type-page","status-publish","hentry"],"uagb_featured_image_src":{"full":false,"thumbnail":false,"medium":false,"medium_large":false,"large":false,"1536x1536":false,"2048x2048":false,"woocommerce_thumbnail":false,"woocommerce_single":false,"woocommerce_gallery_thumbnail":false},"uagb_author_info":{"display_name":"Arnaud ROBIN","author_link":"https:\/\/massagefabienetre.fr\/?author=2"},"uagb_comment_info":0,"uagb_excerpt":"Charte de Qualit\u00e9 et de Respect Pr\u00e9ambule Nous nous engageons \u00e0 offrir des services de massage bien-\u00eatre respectueux, professionnels et ax\u00e9s sur le bien-\u00eatre de nos clients. 1. Respect et Confidentialit\u00e9 Nous nous engageons \u00e0 respecter l&rsquo;intimit\u00e9 et la dignit\u00e9 de chaque client \u00e0 tout moment. Toutes les informations partag\u00e9es durant la s\u00e9ance seront trait\u00e9es\u2026","_links":{"self":[{"href":"https:\/\/massagefabienetre.fr\/index.php?rest_route=\/wp\/v2\/pages\/2065","targetHints":{"allow":["GET"]}}],"collection":[{"href":"https:\/\/massagefabienetre.fr\/index.php?rest_route=\/wp\/v2\/pages"}],"about":[{"href":"https:\/\/massagefabienetre.fr\/index.php?rest_route=\/wp\/v2\/types\/page"}],"author":[{"embeddable":true,"href":"https:\/\/massagefabienetre.fr\/index.php?rest_route=\/wp\/v2\/users\/2"}],"replies":[{"embeddable":true,"href":"https:\/\/massagefabienetre.fr\/index.php?rest_route=%2Fwp%2Fv2%2Fcomments&post=2065"}],"version-history":[{"count":4,"href":"https:\/\/massagefabienetre.fr\/index.php?rest_route=\/wp\/v2\/pages\/2065\/revisions"}],"predecessor-version":[{"id":2069,"href":"https:\/\/massagefabienetre.fr\/index.php?rest_route=\/wp\/v2\/pages\/2065\/revisions\/2069"}],"wp:attachment":[{"href":"https:\/\/massagefabienetre.fr\/index.php?rest_route=%2Fwp%2Fv2%2Fmedia&parent=2065"}],"curies":[{"name":"wp","href":"https:\/\/api.w.org\/{rel}","templated":true}]}}